{"id":21,"date":"2021-08-27T08:34:57","date_gmt":"2021-08-27T08:34:57","guid":{"rendered":"https:\/\/www.praktickylekarcernosice.cz\/?page_id=21"},"modified":"2024-11-06T11:13:56","modified_gmt":"2024-11-06T11:13:56","slug":"ockovani","status":"publish","type":"page","link":"https:\/\/www.praktickylekarcernosice.cz\/index.php\/ockovani\/","title":{"rendered":"O\u010dkov\u00e1n\u00ed"},"content":{"rendered":"\n<p><strong>Dostupn\u00e1 o\u010dkov\u00e1n\u00ed v ordinaci:<\/strong><\/p>\n\n\n\n<p><strong>Tetanus<\/strong><br><strong>&#8211; <\/strong>Tetavax (hrazen z ve\u0159ejn\u00e9ho zdravotn\u00edho poji\u0161t\u011bn\u00ed)<br>&#8211; Boostrix \u2013 spole\u010dn\u00e1 vakc\u00edna pro \u010dern\u00fd ka\u0161el, z\u00e1\u0161krt a tetanus<\/p>\n\n\n\n<p><strong>O\u010dkov\u00e1n\u00ed proti kl\u00ed\u0161\u0165ov\u00e9 encefalitid\u011b<\/strong><br>&#8211; FSME \u2013 Immun (hrazen\u00e9 z ve\u0159ejn\u00e9ho zdravotn\u00edho poji\u0161t\u011bn\u00ed nad 50let)<\/p>\n\n\n\n<p><strong>O\u010dkov\u00e1n\u00ed proti pneumokoku<\/strong><br>&#8211;  Prevenar 20 (hrazen\u00e9 z ve\u0159ejn\u00e9ho zdravotn\u00edho poji\u0161t\u011bn\u00ed nad 65let)<\/p>\n\n\n\n<p><strong>O\u010dkov\u00e1n\u00ed proti ch\u0159ipce<\/strong><br>&#8211; Influvac Tetra (hrazeno z ve\u0159ejn\u00e9ho zdravotn\u00edho poji\u0161t\u011bn\u00ed nad 65let)<\/p>\n\n\n\n<p><strong>O\u010dkov\u00e1n\u00ed proti hepatitid\u00e1m:<\/strong><br>&#8211; po domluv\u011b mo\u017en\u00e9 objednat<\/p>\n\n\n\n<p><strong>O\u010dkov\u00e1n\u00ed proti Covidu 19<\/strong><br>&#8211; aktu\u00e1ln\u011b o\u010dkujeme nejnov\u011bj\u0161\u00ed modifikovanou comirnaty vakc\u00ednou <\/p>\n\n\n\n<p><strong>V ordinaci nab\u00edz\u00edme konzultaci jednotliv\u00fdch o\u010dkov\u00e1n\u00ed a n\u00e1slednou aplikaci s vytvo\u0159en\u00edm o\u010dkovac\u00edho sch\u00e9matu. Nedostupn\u00e9 vakc\u00edny v ordinaci je mo\u017en\u00e9 i po p\u0159edchoz\u00ed vz\u00e1jemn\u00e9 domluv\u011b objednat a n\u00e1sledn\u011b aplikovat.<\/strong> Aktu\u00e1ln\u00ed cenu vakc\u00edn se dozv\u00edte u n\u00e1s v ordinaci \u010di po telefonick\u00e9 konzultaci.<\/p>\n","protected":false},"excerpt":{"rendered":"<p>Dostupn\u00e1 o\u010dkov\u00e1n\u00ed v ordinaci: Tetanus&#8211; Tetavax (hrazen z ve\u0159ejn\u00e9ho zdravotn\u00edho poji\u0161t\u011bn\u00ed)&#8211; Boostrix \u2013 spole\u010dn\u00e1 vakc\u00edna pro \u010dern\u00fd ka\u0161el, z\u00e1\u0161krt a tetanus O\u010dkov\u00e1n\u00ed proti kl\u00ed\u0161\u0165ov\u00e9 encefalitid\u011b&#8211; FSME \u2013 Immun (hrazen\u00e9 z ve\u0159ejn\u00e9ho zdravotn\u00edho poji\u0161t\u011bn\u00ed nad 50let) O\u010dkov\u00e1n\u00ed proti pneumokoku&#8211; Prevenar 20 &#8230; <a class=\"more-link\" href=\"https:\/\/www.praktickylekarcernosice.cz\/index.php\/ockovani\/\">\u010c\u00edst v\u00edce &raquo;<\/a><\/p>\n","protected":false},"author":1,"featured_media":0,"parent":0,"menu_order":5,"comment_status":"closed","ping_status":"closed","template":"","meta":{"iawp_total_views":246,"footnotes":""},"class_list":["post-21","page","type-page","status-publish","hentry"],"yoast_head":"<!-- This site is optimized with the Yoast SEO Premium plugin v16.6 (Yoast SEO v16.6) - https:\/\/yoast.com\/wordpress\/plugins\/seo\/ -->\n<title>O\u010dkov\u00e1n\u00ed &ndash; MUDr. Renata Chmelkov\u00e1<\/title>\n<meta name=\"description\" content=\"%\" \/>\n<meta name=\"robots\" content=\"index, follow, max-snippet:-1, max-image-preview:large, max-video-preview:-1\" \/>\n<link rel=\"canonical\" href=\"https:\/\/www.praktickylekarcernosice.cz\/index.php\/ockovani\/\" \/>\n<meta property=\"og:locale\" content=\"cs_CZ\" \/>\n<meta property=\"og:type\" content=\"article\" \/>\n<meta property=\"og:title\" content=\"O\u010dkov\u00e1n\u00ed\" \/>\n<meta property=\"og:description\" content=\"%\" \/>\n<meta property=\"og:url\" content=\"https:\/\/www.praktickylekarcernosice.cz\/index.php\/ockovani\/\" \/>\n<meta property=\"og:site_name\" content=\"MUDr. Renata Chmelkov\u00e1\" \/>\n<meta property=\"article:modified_time\" content=\"2024-11-06T11:13:56+00:00\" \/>\n<meta name=\"twitter:card\" content=\"summary_large_image\" \/>\n<meta name=\"twitter:label1\" content=\"Odhadovan\u00e1 doba \u010dten\u00ed\" \/>\n\t<meta name=\"twitter:data1\" content=\"1 minuta\" \/>\n<script type=\"application\/ld+json\" class=\"yoast-schema-graph\">{\"@context\":\"https:\/\/schema.org\",\"@graph\":[{\"@type\":\"Organization\",\"@id\":\"https:\/\/www.praktickylekarcernosice.cz\/#organization\",\"name\":\"MUDr. Renata Pirun\\u010d\\u00edkov\\u00e1 \\u2013 Praktick\\u00fd l\\u00e9ka\\u0159 pro dosp\\u011bl\\u00e9, \\u010cerno\\u0161ice\",\"url\":\"https:\/\/www.praktickylekarcernosice.cz\/\",\"sameAs\":[],\"logo\":{\"@type\":\"ImageObject\",\"@id\":\"https:\/\/www.praktickylekarcernosice.cz\/#logo\",\"inLanguage\":\"cs\",\"url\":\"https:\/\/www.praktickylekarcernosice.cz\/wp-content\/uploads\/2025\/01\/logo.jpg\",\"contentUrl\":\"https:\/\/www.praktickylekarcernosice.cz\/wp-content\/uploads\/2025\/01\/logo.jpg\",\"width\":548,\"height\":116,\"caption\":\"MUDr. Renata Pirun\\u010d\\u00edkov\\u00e1 \\u2013 Praktick\\u00fd l\\u00e9ka\\u0159 pro dosp\\u011bl\\u00e9, \\u010cerno\\u0161ice\"},\"image\":{\"@id\":\"https:\/\/www.praktickylekarcernosice.cz\/#logo\"}},{\"@type\":\"WebSite\",\"@id\":\"https:\/\/www.praktickylekarcernosice.cz\/#website\",\"url\":\"https:\/\/www.praktickylekarcernosice.cz\/\",\"name\":\"MUDr. Renata Chmelkov\\u00e1\",\"description\":\"Praktick\\u00fd l\\u00e9ka\\u0159 \\u010cerno\\u0161ice\",\"publisher\":{\"@id\":\"https:\/\/www.praktickylekarcernosice.cz\/#organization\"},\"potentialAction\":[{\"@type\":\"SearchAction\",\"target\":{\"@type\":\"EntryPoint\",\"urlTemplate\":\"https:\/\/www.praktickylekarcernosice.cz\/?s={search_term_string}\"},\"query-input\":\"required name=search_term_string\"}],\"inLanguage\":\"cs\"},{\"@type\":\"WebPage\",\"@id\":\"https:\/\/www.praktickylekarcernosice.cz\/index.php\/ockovani\/#webpage\",\"url\":\"https:\/\/www.praktickylekarcernosice.cz\/index.php\/ockovani\/\",\"name\":\"O\\u010dkov\\u00e1n\\u00ed &ndash; MUDr. Renata Chmelkov\\u00e1\",\"isPartOf\":{\"@id\":\"https:\/\/www.praktickylekarcernosice.cz\/#website\"},\"datePublished\":\"2021-08-27T08:34:57+00:00\",\"dateModified\":\"2024-11-06T11:13:56+00:00\",\"description\":\"%\",\"breadcrumb\":{\"@id\":\"https:\/\/www.praktickylekarcernosice.cz\/index.php\/ockovani\/#breadcrumb\"},\"inLanguage\":\"cs\",\"potentialAction\":[{\"@type\":\"ReadAction\",\"target\":[\"https:\/\/www.praktickylekarcernosice.cz\/index.php\/ockovani\/\"]}]},{\"@type\":\"BreadcrumbList\",\"@id\":\"https:\/\/www.praktickylekarcernosice.cz\/index.php\/ockovani\/#breadcrumb\",\"itemListElement\":[{\"@type\":\"ListItem\",\"position\":1,\"name\":\"Home\",\"item\":\"https:\/\/www.praktickylekarcernosice.cz\/\"},{\"@type\":\"ListItem\",\"position\":2,\"name\":\"O\\u010dkov\\u00e1n\\u00ed\"}]}]}<\/script>\n<!-- \/ Yoast SEO Premium plugin. -->","_links":{"self":[{"href":"https:\/\/www.praktickylekarcernosice.cz\/index.php\/wp-json\/wp\/v2\/pages\/21","targetHints":{"allow":["GET"]}}],"collection":[{"href":"https:\/\/www.praktickylekarcernosice.cz\/index.php\/wp-json\/wp\/v2\/pages"}],"about":[{"href":"https:\/\/www.praktickylekarcernosice.cz\/index.php\/wp-json\/wp\/v2\/types\/page"}],"author":[{"embeddable":true,"href":"https:\/\/www.praktickylekarcernosice.cz\/index.php\/wp-json\/wp\/v2\/users\/1"}],"replies":[{"embeddable":true,"href":"https:\/\/www.praktickylekarcernosice.cz\/index.php\/wp-json\/wp\/v2\/comments?post=21"}],"version-history":[{"count":12,"href":"https:\/\/www.praktickylekarcernosice.cz\/index.php\/wp-json\/wp\/v2\/pages\/21\/revisions"}],"predecessor-version":[{"id":259,"href":"https:\/\/www.praktickylekarcernosice.cz\/index.php\/wp-json\/wp\/v2\/pages\/21\/revisions\/259"}],"wp:attachment":[{"href":"https:\/\/www.praktickylekarcernosice.cz\/index.php\/wp-json\/wp\/v2\/media?parent=21"}],"curies":[{"name":"wp","href":"https:\/\/api.w.org\/{rel}","templated":true}]}}