{"id":18,"date":"2021-08-27T08:33:57","date_gmt":"2021-08-27T08:33:57","guid":{"rendered":"https:\/\/www.praktickylekarcernosice.cz\/?page_id=18"},"modified":"2025-12-10T11:17:35","modified_gmt":"2025-12-10T11:17:35","slug":"kontakt","status":"publish","type":"page","link":"https:\/\/www.praktickylekarcernosice.cz\/index.php\/kontakt\/","title":{"rendered":"Kontakt"},"content":{"rendered":"\n<p><strong>Praktick\u00fd l\u00e9ka\u0159 \u010cerno\u0161ice <\/strong><br><strong>MUDr. Renata Chmelkov\u00e1<\/strong><br>T\u00e1borsk\u00e1 2025<br>\u010cerno\u0161ice 252 28<br>I\u010cO 139 73 771<\/p>\n\n\n\n<p><strong>Tel:<\/strong> &nbsp;&nbsp;&nbsp;&nbsp;&nbsp;&nbsp;&nbsp;+420 251 642 472<br><strong>Email:<\/strong> &nbsp;&nbsp;plcernosice@gmail.com<\/p>\n\n\n<div id=\"wpgmza_map\" class=\"wpgmza_map\" data-settings='{\"id\":\"1\",\"map_title\":\"T\\u00e1borsk\\u00e1 2025\",\"map_width\":\"100\",\"map_height\":\"400\",\"map_start_lat\":\"49.95007629999998\",\"map_start_lng\":\"14.3153688\",\"map_start_location\":\"45.950464398418106,-109.81550500000003\",\"map_start_zoom\":\"16\",\"default_marker\":\"\",\"type\":\"0\",\"alignment\":\"4\",\"directions_enabled\":\"0\",\"styling_enabled\":\"0\",\"styling_json\":\"\",\"active\":\"0\",\"kml\":\"\",\"bicycle\":\"0\",\"traffic\":\"0\",\"dbox\":\"0\",\"dbox_width\":\"\",\"listmarkers\":\"0\",\"listmarkers_advanced\":\"0\",\"filterbycat\":\"0\",\"ugm_enabled\":\"0\",\"ugm_category_enabled\":\"0\",\"fusion\":\"\",\"map_width_type\":\"%\",\"map_height_type\":\"px\",\"mass_marker_support\":\"0\",\"ugm_access\":\"0\",\"order_markers_by\":\"0\",\"order_markers_choice\":\"0\",\"show_user_location\":\"0\",\"default_to\":\"\",\"other_settings\":{\"map_type\":1,\"sl_stroke_color\":\"\",\"sl_fill_color\":\"\",\"sl_stroke_opacity\":\"\",\"sl_fill_opacity\":\"\",\"transport_layer\":false,\"action\":\"wpgmza_save_map\",\"redirect_to\":\"\\\/wp-admin\\\/admin-post.php\",\"map_id\":\"1\",\"http_referer\":\"\\\/wp-admin\\\/admin.php?page=wp-google-maps-menu&amp;amp;action=edit&amp;amp;map_id=1\",\"wpgmza_id\":\"1\",\"wpgmza_start_location\":\"49.95007629999998,14.3153688\",\"wpgmza_start_zoom\":\"16\",\"store_locator_enabled\":false,\"store_locator_search_area\":\"radial\",\"wpgmza_store_locator_radius_style\":\"legacy\",\"wpgmza_store_locator_default_radius\":\"10\",\"store_locator_auto_area_max_zoom\":\"\",\"store_locator_distance\":false,\"wpgmza_store_locator_position\":false,\"store_locator_show_distance\":false,\"store_locator_category\":false,\"wpgmza_store_locator_use_their_location\":false,\"wpgmza_store_locator_bounce\":false,\"wpgmza_sl_animation\":null,\"wpgmza_store_locator_hide_before_search\":false,\"store_locator_query_string\":\"\",\"store_locator_default_address\":\"\",\"store_locator_name_search\":false,\"store_locator_name_string\":\"\",\"store_locator_not_found_message\":\"\",\"wpgmza_map_align\":\"1\",\"jump_to_nearest_marker_on_initialization\":false,\"automatically_pan_to_users_location\":false,\"override_users_location_zoom_level\":false,\"override_users_location_zoom_levels\":\"\",\"show_distance_from_location\":false,\"map_max_zoom\":\"21\",\"map_min_zoom\":\"0\",\"click_open_link\":false,\"fit_maps_bounds_to_markers\":false,\"fit_maps_bounds_to_markers_after_filtering\":false,\"hide_point_of_interest\":false,\"wpgmza_zoom_on_marker_click\":false,\"wpgmza_zoom_on_marker_click_slider\":\"\",\"close_infowindow_on_map_click\":false,\"disable_lightbox_images\":false,\"use_Raw_Jpeg_Coordinates\":false,\"polygon_labels\":false,\"disable_polygon_info_windows\":false,\"enable_marker_ratings\":false,\"only_load_markers_within_viewport\":false,\"iw_primary_color\":\"\",\"iw_accent_color\":\"\",\"iw_text_color\":\"\",\"wpgmza_listmarkers_by\":\"0\",\"wpgmza_marker_listing_position\":false,\"zoom_level_on_marker_listing_override\":false,\"zoom_level_on_marker_listing_click\":\"\",\"datatable_no_result_message\":\"\",\"remove_search_box_datables\":false,\"dataTable_pagination_style\":null,\"datatable_search_string\":\"\",\"datatable_result_start\":\"\",\"datatable_result_of\":\"\",\"datatable_result_to\":\"\",\"datatable_result_total\":\"\",\"datatable_result_show\":\"\",\"datatable_result_entries\":\"\",\"wpgmza_savemap\":\"Save Map \\u00bb\"}}' data-map-id='1' Data-maps-engine='open-layers' data-shortcode-attributes='{\"id\":\"1\"}' style=\"display:block; overflow:auto; width:100%; height:400px; float:left;\"><\/div>\n\n\n\n<p><\/p>\n\n\n\n<p><\/p>\n","protected":false},"excerpt":{"rendered":"<p>Praktick\u00fd l\u00e9ka\u0159 \u010cerno\u0161ice MUDr. Renata Chmelkov\u00e1T\u00e1borsk\u00e1 2025\u010cerno\u0161ice 252 28I\u010cO 139 73 771 Tel: &nbsp;&nbsp;&nbsp;&nbsp;&nbsp;&nbsp;&nbsp;+420 251 642 472Email: &nbsp;&nbsp;plcernosice@gmail.com<\/p>\n","protected":false},"author":1,"featured_media":0,"parent":0,"menu_order":6,"comment_status":"closed","ping_status":"closed","template":"","meta":{"iawp_total_views":1569,"footnotes":""},"class_list":["post-18","page","type-page","status-publish","hentry"],"yoast_head":"<!-- This site is optimized with the Yoast SEO Premium plugin v16.6 (Yoast SEO v16.6) - https:\/\/yoast.com\/wordpress\/plugins\/seo\/ -->\n<title>Kontakt &ndash; MUDr. Renata Chmelkov\u00e1<\/title>\n<meta name=\"description\" content=\"%\" \/>\n<meta name=\"robots\" content=\"index, follow, max-snippet:-1, max-image-preview:large, max-video-preview:-1\" \/>\n<link rel=\"canonical\" href=\"https:\/\/www.praktickylekarcernosice.cz\/index.php\/kontakt\/\" \/>\n<meta property=\"og:locale\" content=\"cs_CZ\" \/>\n<meta property=\"og:type\" content=\"article\" \/>\n<meta property=\"og:title\" content=\"Kontakt\" \/>\n<meta property=\"og:description\" content=\"%\" \/>\n<meta property=\"og:url\" content=\"https:\/\/www.praktickylekarcernosice.cz\/index.php\/kontakt\/\" \/>\n<meta property=\"og:site_name\" content=\"MUDr. Renata Chmelkov\u00e1\" \/>\n<meta property=\"article:modified_time\" content=\"2025-12-10T11:17:35+00:00\" \/>\n<meta name=\"twitter:card\" content=\"summary_large_image\" \/>\n<script type=\"application\/ld+json\" class=\"yoast-schema-graph\">{\"@context\":\"https:\/\/schema.org\",\"@graph\":[{\"@type\":\"Organization\",\"@id\":\"https:\/\/www.praktickylekarcernosice.cz\/#organization\",\"name\":\"MUDr. Renata Pirun\\u010d\\u00edkov\\u00e1 \\u2013 Praktick\\u00fd l\\u00e9ka\\u0159 pro dosp\\u011bl\\u00e9, \\u010cerno\\u0161ice\",\"url\":\"https:\/\/www.praktickylekarcernosice.cz\/\",\"sameAs\":[],\"logo\":{\"@type\":\"ImageObject\",\"@id\":\"https:\/\/www.praktickylekarcernosice.cz\/#logo\",\"inLanguage\":\"cs\",\"url\":\"https:\/\/www.praktickylekarcernosice.cz\/wp-content\/uploads\/2025\/01\/logo.jpg\",\"contentUrl\":\"https:\/\/www.praktickylekarcernosice.cz\/wp-content\/uploads\/2025\/01\/logo.jpg\",\"width\":548,\"height\":116,\"caption\":\"MUDr. Renata Pirun\\u010d\\u00edkov\\u00e1 \\u2013 Praktick\\u00fd l\\u00e9ka\\u0159 pro dosp\\u011bl\\u00e9, \\u010cerno\\u0161ice\"},\"image\":{\"@id\":\"https:\/\/www.praktickylekarcernosice.cz\/#logo\"}},{\"@type\":\"WebSite\",\"@id\":\"https:\/\/www.praktickylekarcernosice.cz\/#website\",\"url\":\"https:\/\/www.praktickylekarcernosice.cz\/\",\"name\":\"MUDr. Renata Chmelkov\\u00e1\",\"description\":\"Praktick\\u00fd l\\u00e9ka\\u0159 \\u010cerno\\u0161ice\",\"publisher\":{\"@id\":\"https:\/\/www.praktickylekarcernosice.cz\/#organization\"},\"potentialAction\":[{\"@type\":\"SearchAction\",\"target\":{\"@type\":\"EntryPoint\",\"urlTemplate\":\"https:\/\/www.praktickylekarcernosice.cz\/?s={search_term_string}\"},\"query-input\":\"required name=search_term_string\"}],\"inLanguage\":\"cs\"},{\"@type\":\"WebPage\",\"@id\":\"https:\/\/www.praktickylekarcernosice.cz\/index.php\/kontakt\/#webpage\",\"url\":\"https:\/\/www.praktickylekarcernosice.cz\/index.php\/kontakt\/\",\"name\":\"Kontakt &ndash; MUDr. Renata Chmelkov\\u00e1\",\"isPartOf\":{\"@id\":\"https:\/\/www.praktickylekarcernosice.cz\/#website\"},\"datePublished\":\"2021-08-27T08:33:57+00:00\",\"dateModified\":\"2025-12-10T11:17:35+00:00\",\"description\":\"%\",\"breadcrumb\":{\"@id\":\"https:\/\/www.praktickylekarcernosice.cz\/index.php\/kontakt\/#breadcrumb\"},\"inLanguage\":\"cs\",\"potentialAction\":[{\"@type\":\"ReadAction\",\"target\":[\"https:\/\/www.praktickylekarcernosice.cz\/index.php\/kontakt\/\"]}]},{\"@type\":\"BreadcrumbList\",\"@id\":\"https:\/\/www.praktickylekarcernosice.cz\/index.php\/kontakt\/#breadcrumb\",\"itemListElement\":[{\"@type\":\"ListItem\",\"position\":1,\"name\":\"Home\",\"item\":\"https:\/\/www.praktickylekarcernosice.cz\/\"},{\"@type\":\"ListItem\",\"position\":2,\"name\":\"Kontakt\"}]}]}<\/script>\n<!-- \/ Yoast SEO Premium plugin. -->","_links":{"self":[{"href":"https:\/\/www.praktickylekarcernosice.cz\/index.php\/wp-json\/wp\/v2\/pages\/18","targetHints":{"allow":["GET"]}}],"collection":[{"href":"https:\/\/www.praktickylekarcernosice.cz\/index.php\/wp-json\/wp\/v2\/pages"}],"about":[{"href":"https:\/\/www.praktickylekarcernosice.cz\/index.php\/wp-json\/wp\/v2\/types\/page"}],"author":[{"embeddable":true,"href":"https:\/\/www.praktickylekarcernosice.cz\/index.php\/wp-json\/wp\/v2\/users\/1"}],"replies":[{"embeddable":true,"href":"https:\/\/www.praktickylekarcernosice.cz\/index.php\/wp-json\/wp\/v2\/comments?post=18"}],"version-history":[{"count":9,"href":"https:\/\/www.praktickylekarcernosice.cz\/index.php\/wp-json\/wp\/v2\/pages\/18\/revisions"}],"predecessor-version":[{"id":336,"href":"https:\/\/www.praktickylekarcernosice.cz\/index.php\/wp-json\/wp\/v2\/pages\/18\/revisions\/336"}],"wp:attachment":[{"href":"https:\/\/www.praktickylekarcernosice.cz\/index.php\/wp-json\/wp\/v2\/media?parent=18"}],"curies":[{"name":"wp","href":"https:\/\/api.w.org\/{rel}","templated":true}]}}