{"id":13,"date":"2021-08-27T08:27:41","date_gmt":"2021-08-27T08:27:41","guid":{"rendered":"https:\/\/www.praktickylekarcernosice.cz\/?page_id=13"},"modified":"2026-01-07T07:30:45","modified_gmt":"2026-01-07T07:30:45","slug":"cenik","status":"publish","type":"page","link":"https:\/\/www.praktickylekarcernosice.cz\/index.php\/cenik\/","title":{"rendered":"Cen\u00edk"},"content":{"rendered":"\n<p><strong>Cen\u00edk nehrazen\u00fdch v\u00fdkon\u016f platn\u00fd od 1.1.2022<\/strong><\/p>\n\n\n<p class=\"has-text-align-left\"><strong>Potvrzen\u00ed:<\/strong><br \/>\u0158idi\u010dsk\u00fd pr\u016fkaz \u2026\u2026\u2026\u2026\u2026\u2026\u2026\u2026\u2026\u2026\u2026\u2026\u2026\u2026\u2026\u2026\u2026\u2026\u2026\u2026\u2026\u2026\u2026\u2026\u2026\u2026\u2026\u2026&#8230;&#8230;&#8230;&#8230;&#8230;&#8230;&#8230;&#8230;&#8230;&#8230;\u2026 1000K\u010d<br \/>Prodlou\u017een\u00ed \u0158P pro seniory nad 65 let &#8230;&#8230;&#8230;&#8230;&#8230;&#8230;&#8230;&#8230;&#8230;&#8230;&#8230;&#8230;&#8230;&#8230;&#8230;&#8230;\u2026\u2026\u2026\u2026\u2026\u2026..\u2026\u2026. 550K\u010d<br \/>Zbrojn\u00ed pr\u016fkaz\u2026\u2026\u2026\u2026\u2026\u2026\u2026\u2026\u2026\u2026\u2026\u2026\u2026\u2026\u2026\u2026\u2026\u2026\u2026\u2026\u2026\u2026\u2026\u2026&#8230;&#8230;&#8230;&#8230;&#8230;&#8230;&#8230;&#8230;&#8230;&#8230;..\u2026\u2026\u2026..\u2026. 1000K\u010d Vy\u0161et\u0159en\u00ed pro vstup (i v\u00fdstup) do (ze) zam\u011bstn\u00e1n\u00ed, periodick\u00e9 prohl\u00eddky do zam\u011bstn\u00e1n\u00ed (PLP) &#8230;&#8230;&#8230;&#8230;&#8230;&#8230;&#8230;&#8230;&#8230;&#8230;&#8230;&#8230;&#8230;&#8230;&#8230;&#8230;&#8230;&#8230;&#8230;&#8230;&#8230;&#8230;&#8230;&#8230;&#8230;&#8230;&#8230;&#8230;&#8230;&#8230;&#8230;&#8230;&#8230;&#8230;&#8230;&#8230;&#8230;&#8230;&#8230;&#8230;&#8230;&#8230;&#8230;&#8230;&#8230;&#8230;&#8230;&#8230;&#8230; 1000k\u010d<br \/>Posouzen\u00ed \u0159\u00edzen\u00ed lod\u00ed \u2026\u2026\u2026\u2026\u2026\u2026\u2026\u2026\u2026\u2026\u2026\u2026\u2026\u2026\u2026\u2026\u2026\u2026\u2026\u2026\u2026&#8230;&#8230;&#8230;&#8230;&#8230;&#8230;&#8230;&#8230;&#8230;&#8230;&#8230;\u2026\u2026\u2026\u2026. 800K\u010d Potvrzen\u00ed pro myslivce \u010di dobrovoln\u00e9 hasi\u010de &#8230;&#8230;&#8230;&#8230;&#8230;&#8230;&#8230;&#8230;&#8230;&#8230;&#8230;&#8230;&#8230;&#8230;&#8230;&#8230;&#8230;&#8230;&#8230;&#8230;&#8230;.. 500K\u010d<\/p>\n\n\n<p><strong>Administrativa:<\/strong><br>V\u00fdpis ze zdravotn\u00ed dokumentace na \u017e\u00e1dost pacienta \u010di zam\u011bstnavatele\u2026\u2026\u2026\u2026..\u2026 400K\u010d<br>P\u0159ihl\u00e1\u0161ka na V\u0160\u2026\u2026\u2026\u2026\u2026\u2026\u2026\u2026\u2026\u2026\u2026\u2026\u2026\u2026\u2026\u2026\u2026\u2026\u2026\u2026\u2026\u2026\u2026\u2026\u2026\u2026\u2026\u2026&#8230;&#8230;&#8230;&#8230;&#8230;&#8230;&#8230;&#8230;&#8230;\u2026\u2026.. 400K\u010d<br>Dal\u0161\u00ed potvrzen\u00ed (\u00fa\u0159ady, \u0161koly, atd.)\u2026\u2026\u2026\u2026\u2026\u2026\u2026\u2026\u2026\u2026\u2026\u2026\u2026\u2026\u2026\u2026\u2026\u2026\u2026\u2026&#8230;&#8230;&#8230;&#8230;&#8230;.\u2026\u2026\u2026. 400K\u010d<br>Rychl\u00e9 vy\u0159\u00edzen\u00ed administrativy (do t\u00fddne) \u2026\u2026\u2026\u2026\u2026\u2026\u2026\u2026\u2026\u2026\u2026\u2026\u2026\u2026\u2026\u2026&#8230;&#8230;&#8230;&#8230;\u2026\u2026\u2026\u2026 200K\u010d<br>Rychl\u00e9 vy\u0159\u00edzen\u00ed administrativy (do druh\u00e9ho dne) \u2026\u2026\u2026\u2026\u2026\u2026\u2026\u2026\u2026\u2026\u2026\u2026&#8230;&#8230;.\u2026\u2026\u2026\u2026\u2026. 500K\u010d<br><\/p>\n\n\n\n<p><strong>Vy\u0161et\u0159en\u00ed:<\/strong><br>O\u010dkov\u00e1n\u00ed &#8211; aplikace o\u010dkovac\u00ed l\u00e1tky nehrazen\u00e9 ZP \u2026\u2026\u2026\u2026\u2026\u2026\u2026\u2026\u2026\u2026\u2026\u2026\u2026\u2026\u2026&#8230;&#8230;&#8230;\u2026 200K\u010d<br>Test okultn\u00edho krv\u00e1cen\u00ed pro pacienty do 50let \u010di na vlastn\u00ed \u017e\u00e1dost \u2026\u2026\u2026\u2026\u2026\u2026.\u2026&#8230;\u2026 300K\u010d<br>C\u00edlen\u00e9 vy\u0161et\u0159en\u00ed nepoji\u0161t\u011bn\u00e9ho pacienta\u2026\u2026\u2026\u2026\u2026\u2026\u2026\u2026\u2026\u2026\u2026\u2026\u2026\u2026\u2026\u2026\u2026\u2026\u2026&#8230;&#8230;&#8230;&#8230;.\u2026 1000K\u010d<br>Kontroln\u00ed vy\u0161et\u0159en\u00ed nepoji\u0161t\u011bn\u00e9ho pacienta\u2026\u2026\u2026\u2026\u2026\u2026\u2026\u2026\u2026\u2026\u2026\u2026\u2026&#8230;&#8230;&#8230;..\u2026\u2026\u2026&#8230;.\u2026\u2026 700K\u010d<br>L\u00e1zn\u011b pro samopl\u00e1tce\u2026\u2026\u2026\u2026\u2026\u2026\u2026\u2026\u2026\u2026\u2026\u2026\u2026\u2026\u2026\u2026\u2026\u2026\u2026\u2026\u2026\u2026\u2026\u2026\u2026\u2026&#8230;&#8230;&#8230;&#8230;&#8230;&#8230;&#8230;&#8230;\u2026.. 500K\u010d<br>Aplikace injekce (nitro\u017eiln\u00ed, do svalu)\u2026\u2026\u2026\u2026\u2026\u2026\u2026\u2026\u2026\u2026\u2026\u2026\u2026\u2026\u2026\u2026\u2026&#8230;&#8230;&#8230;&#8230;&#8230;.\u2026\u2026\u2026\u2026&#8230; 150K\u010d<br>CRP (na vy\u017e\u00e1d\u00e1n\u00ed pacienta)\u2026\u2026\u2026\u2026\u2026\u2026\u2026\u2026\u2026\u2026\u2026\u2026\u2026\u2026\u2026\u2026\u2026\u2026\u2026\u2026\u2026\u2026&#8230;&#8230;&#8230;&#8230;&#8230;&#8230;&#8230;.\u2026\u2026\u2026.. 250K\u010d<br>EKG (na vy\u017e\u00e1d\u00e1n\u00ed pacienta)\u2026\u2026\u2026\u2026\u2026\u2026\u2026\u2026\u2026\u2026\u2026\u2026\u2026\u2026\u2026\u2026\u2026\u2026\u2026\u2026\u2026\u2026\u2026&#8230;&#8230;&#8230;&#8230;&#8230;&#8230;&#8230;\u2026&#8230;.. 300K\u010d<br>Vy\u0161et\u0159en\u00ed pro sportovn\u00ed a z\u00e1jmovou \u010dinnost \u2026\u2026\u2026\u2026\u2026\u2026\u2026\u2026\u2026\u2026\u2026\u2026\u2026\u2026&#8230;&#8230;&#8230;\u2026\u2026\u2026\u2026.\u2026 400K\u010d<br>Vy\u0161et\u0159en\u00ed a vystaven\u00ed potvrzen\u00ed p\u0159i cest\u00e1ch do zahrani\u010d\u00ed \u2026\u2026\u2026\u2026\u2026\u2026\u2026\u2026\u2026\u2026\u2026..\u2026\u2026.\u2026 500K\u010d<br>Vy\u0161et\u0159en\u00ed\/Zpr\u00e1va pro \u00fa\u010dast na rekondi\u010dn\u00edch a rekrea\u010dn\u00edch pobytech \u2026\u2026\u2026\u2026\u2026\u2026&#8230;. 250K\u010d<br>P\u0159edopera\u010dn\u00ed vy\u0161et\u0159en\u00ed s ekg u samopl\u00e1tc\u016f \u2026\u2026\u2026\u2026\u2026\u2026\u2026\u2026\u2026\u2026\u2026\u2026&#8230;&#8230;.\u2026\u2026\u2026\u2026\u2026\u2026.\u2026. 1000K\u010d<\/p>\n\n\n\n<p><strong>Vypracov\u00e1n\u00ed hodnocen\u00ed\/n\u00e1lez\u016f:<\/strong><br>Hodnocen\u00ed bolestn\u00e9ho, posudek pro komer\u010dn\u00ed poji\u0161t\u011bn\u00ed atd\u2026\u2026\u2026\u2026\u2026\u2026\u2026\u2026\u2026\u2026\u2026.\u2026 500K\u010d<br>Vyj\u00e1d\u0159en\u00ed l\u00e9ka\u0159e pro \u00fa\u010dely um\u00edst\u011bn\u00ed ob\u010dana do za\u0159\u00edzen\u00ed soc. Slu\u017eeb \u2026\u2026\u2026\u2026\u2026.\u2026\u2026.. 350K\u010d<br>Potvrzen\u00ed pro pracovn\u00ed \u00fa\u0159ad na \u017e\u00e1dost pacienta \u2026\u2026\u2026\u2026\u2026\u2026\u2026\u2026\u2026\u2026\u2026\u2026\u2026\u2026\u2026\u2026&#8230;..\u2026.. 250K\u010d<br>Uzav\u0159en\u00ed pojistky \u2013 zpr\u00e1va o zdravotn\u00edm stavu \u2026\u2026\u2026\u2026\u2026\u2026\u2026\u2026\u2026\u2026\u2026\u2026\u2026\u2026&#8230;..\u2026.\u2026\u2026\u2026 800K\u010d<br>Ozn\u00e1men\u00ed \u00farazu pro poji\u0161\u0165ovnu \u2026\u2026\u2026\u2026\u2026\u2026\u2026\u2026\u2026\u2026\u2026\u2026\u2026\u2026\u2026\u2026\u2026\u2026\u2026\u2026\u2026\u2026&#8230;&#8230;&#8230;&#8230;&#8230;\u2026\u2026 800K\u010d<br>Vypracov\u00e1n\u00ed v\u00fd\u0161e bolestn\u00e9ho \u2026\u2026\u2026\u2026\u2026\u2026\u2026\u2026\u2026\u2026\u2026\u2026\u2026\u2026\u2026\u2026\u2026\u2026\u2026\u2026\u2026\u2026\u2026\u2026&#8230;&#8230;&#8230;&#8230;..\u2026.. 800K\u010d<br>Zpr\u00e1va o zdravotn\u00edm stavu pro soud a policii \u010cR \u2026\u2026\u2026\u2026\u2026\u2026\u2026\u2026\u2026\u2026\u2026\u2026\u2026&#8230;\u2026.\u2026.\u2026\u2026. 50K\u010d<\/p>\n\n\n\n<p><strong>Ostatn\u00ed:<\/strong><br>Kopie v\u00fdsledk\u016f zpr\u00e1v a v\u00fdsledk\u016f\u2026\u2026\u2026\u2026\u2026\u2026\u2026\u2026\u2026\u2026\u2026\u2026\u2026\u2026\u2026\u2026\u2026\u2026\u2026\u2026&#8230;&#8230;&#8230;&#8230;&#8230;..\u2026\u2026\u2026 5k\u010d\/list<\/p>\n","protected":false},"excerpt":{"rendered":"<p>Cen\u00edk nehrazen\u00fdch v\u00fdkon\u016f platn\u00fd od 1.1.2022 Potvrzen\u00ed:\u0158idi\u010dsk\u00fd pr\u016fkaz \u2026\u2026\u2026\u2026\u2026\u2026\u2026\u2026\u2026\u2026\u2026\u2026\u2026\u2026\u2026\u2026\u2026\u2026\u2026\u2026\u2026\u2026\u2026\u2026\u2026\u2026\u2026\u2026&#8230;&#8230;&#8230;&#8230;&#8230;&#8230;&#8230;&#8230;&#8230;&#8230;\u2026 1000K\u010dProdlou\u017een\u00ed \u0158P pro seniory nad 65 let &#8230;&#8230;&#8230;&#8230;&#8230;&#8230;&#8230;&#8230;&#8230;&#8230;&#8230;&#8230;&#8230;&#8230;&#8230;&#8230;\u2026\u2026\u2026\u2026\u2026\u2026..\u2026\u2026. 550K\u010dZbrojn\u00ed pr\u016fkaz\u2026\u2026\u2026\u2026\u2026\u2026\u2026\u2026\u2026\u2026\u2026\u2026\u2026\u2026\u2026\u2026\u2026\u2026\u2026\u2026\u2026\u2026\u2026\u2026&#8230;&#8230;&#8230;&#8230;&#8230;&#8230;&#8230;&#8230;&#8230;&#8230;..\u2026\u2026\u2026..\u2026. 1000K\u010d Vy\u0161et\u0159en\u00ed pro vstup (i v\u00fdstup) do (ze) zam\u011bstn\u00e1n\u00ed, periodick\u00e9 prohl\u00eddky do zam\u011bstn\u00e1n\u00ed (PLP) &#8230;&#8230;&#8230;&#8230;&#8230;&#8230;&#8230;&#8230;&#8230;&#8230;&#8230;&#8230;&#8230;&#8230;&#8230;&#8230;&#8230;&#8230;&#8230;&#8230;&#8230;&#8230;&#8230;&#8230;&#8230;&#8230;&#8230;&#8230;&#8230;&#8230;&#8230;&#8230;&#8230;&#8230;&#8230;&#8230;&#8230;&#8230;&#8230;&#8230;&#8230;&#8230;&#8230;&#8230;&#8230;&#8230;&#8230;&#8230;&#8230; 1000k\u010dPosouzen\u00ed \u0159\u00edzen\u00ed lod\u00ed \u2026\u2026\u2026\u2026\u2026\u2026\u2026\u2026\u2026\u2026\u2026\u2026\u2026\u2026\u2026\u2026\u2026\u2026\u2026\u2026\u2026&#8230;&#8230;&#8230;&#8230;&#8230;&#8230;&#8230;&#8230;&#8230;&#8230;&#8230;\u2026\u2026\u2026\u2026. 800K\u010d Potvrzen\u00ed &#8230; <a class=\"more-link\" href=\"https:\/\/www.praktickylekarcernosice.cz\/index.php\/cenik\/\">\u010c\u00edst v\u00edce &raquo;<\/a><\/p>\n","protected":false},"author":1,"featured_media":0,"parent":0,"menu_order":4,"comment_status":"closed","ping_status":"closed","template":"","meta":{"iawp_total_views":435,"footnotes":""},"class_list":["post-13","page","type-page","status-publish","hentry"],"yoast_head":"<!-- This site is optimized with the Yoast SEO Premium plugin v16.6 (Yoast SEO v16.6) - https:\/\/yoast.com\/wordpress\/plugins\/seo\/ -->\n<title>Cen\u00edk &ndash; MUDr. Renata Chmelkov\u00e1<\/title>\n<meta name=\"description\" content=\"%\" \/>\n<meta name=\"robots\" content=\"index, follow, max-snippet:-1, max-image-preview:large, max-video-preview:-1\" \/>\n<link rel=\"canonical\" href=\"https:\/\/www.praktickylekarcernosice.cz\/index.php\/cenik\/\" \/>\n<meta property=\"og:locale\" content=\"cs_CZ\" \/>\n<meta property=\"og:type\" content=\"article\" \/>\n<meta property=\"og:title\" content=\"Cen\u00edk\" \/>\n<meta property=\"og:description\" content=\"%\" \/>\n<meta property=\"og:url\" content=\"https:\/\/www.praktickylekarcernosice.cz\/index.php\/cenik\/\" \/>\n<meta property=\"og:site_name\" content=\"MUDr. Renata Chmelkov\u00e1\" \/>\n<meta property=\"article:modified_time\" content=\"2026-01-07T07:30:45+00:00\" \/>\n<meta name=\"twitter:card\" content=\"summary_large_image\" \/>\n<meta name=\"twitter:label1\" content=\"Odhadovan\u00e1 doba \u010dten\u00ed\" \/>\n\t<meta name=\"twitter:data1\" content=\"2 minuty\" \/>\n<script type=\"application\/ld+json\" class=\"yoast-schema-graph\">{\"@context\":\"https:\/\/schema.org\",\"@graph\":[{\"@type\":\"Organization\",\"@id\":\"https:\/\/www.praktickylekarcernosice.cz\/#organization\",\"name\":\"MUDr. Renata Pirun\\u010d\\u00edkov\\u00e1 \\u2013 Praktick\\u00fd l\\u00e9ka\\u0159 pro dosp\\u011bl\\u00e9, \\u010cerno\\u0161ice\",\"url\":\"https:\/\/www.praktickylekarcernosice.cz\/\",\"sameAs\":[],\"logo\":{\"@type\":\"ImageObject\",\"@id\":\"https:\/\/www.praktickylekarcernosice.cz\/#logo\",\"inLanguage\":\"cs\",\"url\":\"https:\/\/www.praktickylekarcernosice.cz\/wp-content\/uploads\/2025\/01\/logo.jpg\",\"contentUrl\":\"https:\/\/www.praktickylekarcernosice.cz\/wp-content\/uploads\/2025\/01\/logo.jpg\",\"width\":548,\"height\":116,\"caption\":\"MUDr. Renata Pirun\\u010d\\u00edkov\\u00e1 \\u2013 Praktick\\u00fd l\\u00e9ka\\u0159 pro dosp\\u011bl\\u00e9, \\u010cerno\\u0161ice\"},\"image\":{\"@id\":\"https:\/\/www.praktickylekarcernosice.cz\/#logo\"}},{\"@type\":\"WebSite\",\"@id\":\"https:\/\/www.praktickylekarcernosice.cz\/#website\",\"url\":\"https:\/\/www.praktickylekarcernosice.cz\/\",\"name\":\"MUDr. Renata Chmelkov\\u00e1\",\"description\":\"Praktick\\u00fd l\\u00e9ka\\u0159 \\u010cerno\\u0161ice\",\"publisher\":{\"@id\":\"https:\/\/www.praktickylekarcernosice.cz\/#organization\"},\"potentialAction\":[{\"@type\":\"SearchAction\",\"target\":{\"@type\":\"EntryPoint\",\"urlTemplate\":\"https:\/\/www.praktickylekarcernosice.cz\/?s={search_term_string}\"},\"query-input\":\"required name=search_term_string\"}],\"inLanguage\":\"cs\"},{\"@type\":\"WebPage\",\"@id\":\"https:\/\/www.praktickylekarcernosice.cz\/index.php\/cenik\/#webpage\",\"url\":\"https:\/\/www.praktickylekarcernosice.cz\/index.php\/cenik\/\",\"name\":\"Cen\\u00edk &ndash; MUDr. Renata Chmelkov\\u00e1\",\"isPartOf\":{\"@id\":\"https:\/\/www.praktickylekarcernosice.cz\/#website\"},\"datePublished\":\"2021-08-27T08:27:41+00:00\",\"dateModified\":\"2026-01-07T07:30:45+00:00\",\"description\":\"%\",\"breadcrumb\":{\"@id\":\"https:\/\/www.praktickylekarcernosice.cz\/index.php\/cenik\/#breadcrumb\"},\"inLanguage\":\"cs\",\"potentialAction\":[{\"@type\":\"ReadAction\",\"target\":[\"https:\/\/www.praktickylekarcernosice.cz\/index.php\/cenik\/\"]}]},{\"@type\":\"BreadcrumbList\",\"@id\":\"https:\/\/www.praktickylekarcernosice.cz\/index.php\/cenik\/#breadcrumb\",\"itemListElement\":[{\"@type\":\"ListItem\",\"position\":1,\"name\":\"Home\",\"item\":\"https:\/\/www.praktickylekarcernosice.cz\/\"},{\"@type\":\"ListItem\",\"position\":2,\"name\":\"Cen\\u00edk\"}]}]}<\/script>\n<!-- \/ Yoast SEO Premium plugin. -->","_links":{"self":[{"href":"https:\/\/www.praktickylekarcernosice.cz\/index.php\/wp-json\/wp\/v2\/pages\/13","targetHints":{"allow":["GET"]}}],"collection":[{"href":"https:\/\/www.praktickylekarcernosice.cz\/index.php\/wp-json\/wp\/v2\/pages"}],"about":[{"href":"https:\/\/www.praktickylekarcernosice.cz\/index.php\/wp-json\/wp\/v2\/types\/page"}],"author":[{"embeddable":true,"href":"https:\/\/www.praktickylekarcernosice.cz\/index.php\/wp-json\/wp\/v2\/users\/1"}],"replies":[{"embeddable":true,"href":"https:\/\/www.praktickylekarcernosice.cz\/index.php\/wp-json\/wp\/v2\/comments?post=13"}],"version-history":[{"count":29,"href":"https:\/\/www.praktickylekarcernosice.cz\/index.php\/wp-json\/wp\/v2\/pages\/13\/revisions"}],"predecessor-version":[{"id":343,"href":"https:\/\/www.praktickylekarcernosice.cz\/index.php\/wp-json\/wp\/v2\/pages\/13\/revisions\/343"}],"wp:attachment":[{"href":"https:\/\/www.praktickylekarcernosice.cz\/index.php\/wp-json\/wp\/v2\/media?parent=13"}],"curies":[{"name":"wp","href":"https:\/\/api.w.org\/{rel}","templated":true}]}}