{"id":10,"date":"2021-08-27T08:25:39","date_gmt":"2021-08-27T08:25:39","guid":{"rendered":"https:\/\/www.praktickylekarcernosice.cz\/?page_id=10"},"modified":"2023-04-03T20:31:24","modified_gmt":"2023-04-03T20:31:24","slug":"ordinacni-hodiny","status":"publish","type":"page","link":"https:\/\/www.praktickylekarcernosice.cz\/index.php\/ordinacni-hodiny\/","title":{"rendered":"Ordina\u010dn\u00ed Hodiny"},"content":{"rendered":"\n<p><\/p>\n\n\n\n<div class=\"wp-block-group\"><div class=\"wp-block-group__inner-container is-layout-flow wp-block-group-is-layout-flow\">\n<p>Pond\u011bl\u00ed &nbsp;&nbsp;&nbsp;7.30 \u2013 &nbsp;13.30 <br>\u00dater\u00fd&nbsp;&nbsp;&nbsp;&nbsp;&nbsp;&nbsp;&nbsp;13.00 \u2013  19.00  <br>St\u0159eda&nbsp;&nbsp;&nbsp;&nbsp;&nbsp;7.30 \u2013 &nbsp; 13.30 <br>\u010ctvrtek&nbsp;&nbsp;&nbsp;&nbsp;7.30 \u2013 &nbsp; 13.30  <br>P\u00e1tek&nbsp;&nbsp;&nbsp;&nbsp;&nbsp;&nbsp;&nbsp;7.30 \u2013 &nbsp; 13.30 <\/p>\n\n\n\n<p> Odb\u011bry krve: Pond\u011bl\u00ed, St\u0159eda, \u010ctvrtek a P\u00e1tek 7.30 &#8211; 8.30. <\/p>\n\n\n\n<p>!!! <strong>Na ve\u0161ker\u00e1 vy\u0161et\u0159en\u00ed objedn\u00e1v\u00e1me na tel: +420 251 642 472<\/strong> !!!<\/p>\n<\/div><\/div>\n\n\n\n<p><\/p>\n","protected":false},"excerpt":{"rendered":"<p>Pond\u011bl\u00ed &nbsp;&nbsp;&nbsp;7.30 \u2013 &nbsp;13.30 \u00dater\u00fd&nbsp;&nbsp;&nbsp;&nbsp;&nbsp;&nbsp;&nbsp;13.00 \u2013 19.00 St\u0159eda&nbsp;&nbsp;&nbsp;&nbsp;&nbsp;7.30 \u2013 &nbsp; 13.30 \u010ctvrtek&nbsp;&nbsp;&nbsp;&nbsp;7.30 \u2013 &nbsp; 13.30 P\u00e1tek&nbsp;&nbsp;&nbsp;&nbsp;&nbsp;&nbsp;&nbsp;7.30 \u2013 &nbsp; 13.30 Odb\u011bry krve: Pond\u011bl\u00ed, St\u0159eda, \u010ctvrtek a P\u00e1tek 7.30 &#8211; 8.30. !!! Na ve\u0161ker\u00e1 vy\u0161et\u0159en\u00ed objedn\u00e1v\u00e1me na tel: +420 251 642 472 &#8230; <a class=\"more-link\" href=\"https:\/\/www.praktickylekarcernosice.cz\/index.php\/ordinacni-hodiny\/\">\u010c\u00edst v\u00edce &raquo;<\/a><\/p>\n","protected":false},"author":1,"featured_media":0,"parent":0,"menu_order":2,"comment_status":"closed","ping_status":"closed","template":"","meta":{"iawp_total_views":5510,"footnotes":""},"class_list":["post-10","page","type-page","status-publish","hentry"],"yoast_head":"<!-- This site is optimized with the Yoast SEO Premium plugin v16.6 (Yoast SEO v16.6) - https:\/\/yoast.com\/wordpress\/plugins\/seo\/ -->\n<title>Ordina\u010dn\u00ed Hodiny &ndash; MUDr. Renata Chmelkov\u00e1<\/title>\n<meta name=\"description\" content=\"%\" \/>\n<meta name=\"robots\" content=\"index, follow, max-snippet:-1, max-image-preview:large, max-video-preview:-1\" \/>\n<link rel=\"canonical\" href=\"https:\/\/www.praktickylekarcernosice.cz\/index.php\/ordinacni-hodiny\/\" \/>\n<meta property=\"og:locale\" content=\"cs_CZ\" \/>\n<meta property=\"og:type\" content=\"article\" \/>\n<meta property=\"og:title\" content=\"Ordina\u010dn\u00ed Hodiny\" \/>\n<meta property=\"og:description\" content=\"%\" \/>\n<meta property=\"og:url\" content=\"https:\/\/www.praktickylekarcernosice.cz\/index.php\/ordinacni-hodiny\/\" \/>\n<meta property=\"og:site_name\" content=\"MUDr. Renata Chmelkov\u00e1\" \/>\n<meta property=\"article:modified_time\" content=\"2023-04-03T20:31:24+00:00\" \/>\n<meta name=\"twitter:card\" content=\"summary_large_image\" \/>\n<script type=\"application\/ld+json\" class=\"yoast-schema-graph\">{\"@context\":\"https:\/\/schema.org\",\"@graph\":[{\"@type\":\"Organization\",\"@id\":\"https:\/\/www.praktickylekarcernosice.cz\/#organization\",\"name\":\"MUDr. Renata Pirun\\u010d\\u00edkov\\u00e1 \\u2013 Praktick\\u00fd l\\u00e9ka\\u0159 pro dosp\\u011bl\\u00e9, \\u010cerno\\u0161ice\",\"url\":\"https:\/\/www.praktickylekarcernosice.cz\/\",\"sameAs\":[],\"logo\":{\"@type\":\"ImageObject\",\"@id\":\"https:\/\/www.praktickylekarcernosice.cz\/#logo\",\"inLanguage\":\"cs\",\"url\":\"https:\/\/www.praktickylekarcernosice.cz\/wp-content\/uploads\/2025\/01\/logo.jpg\",\"contentUrl\":\"https:\/\/www.praktickylekarcernosice.cz\/wp-content\/uploads\/2025\/01\/logo.jpg\",\"width\":548,\"height\":116,\"caption\":\"MUDr. Renata Pirun\\u010d\\u00edkov\\u00e1 \\u2013 Praktick\\u00fd l\\u00e9ka\\u0159 pro dosp\\u011bl\\u00e9, \\u010cerno\\u0161ice\"},\"image\":{\"@id\":\"https:\/\/www.praktickylekarcernosice.cz\/#logo\"}},{\"@type\":\"WebSite\",\"@id\":\"https:\/\/www.praktickylekarcernosice.cz\/#website\",\"url\":\"https:\/\/www.praktickylekarcernosice.cz\/\",\"name\":\"MUDr. Renata Chmelkov\\u00e1\",\"description\":\"Praktick\\u00fd l\\u00e9ka\\u0159 \\u010cerno\\u0161ice\",\"publisher\":{\"@id\":\"https:\/\/www.praktickylekarcernosice.cz\/#organization\"},\"potentialAction\":[{\"@type\":\"SearchAction\",\"target\":{\"@type\":\"EntryPoint\",\"urlTemplate\":\"https:\/\/www.praktickylekarcernosice.cz\/?s={search_term_string}\"},\"query-input\":\"required name=search_term_string\"}],\"inLanguage\":\"cs\"},{\"@type\":\"WebPage\",\"@id\":\"https:\/\/www.praktickylekarcernosice.cz\/index.php\/ordinacni-hodiny\/#webpage\",\"url\":\"https:\/\/www.praktickylekarcernosice.cz\/index.php\/ordinacni-hodiny\/\",\"name\":\"Ordina\\u010dn\\u00ed Hodiny &ndash; MUDr. Renata Chmelkov\\u00e1\",\"isPartOf\":{\"@id\":\"https:\/\/www.praktickylekarcernosice.cz\/#website\"},\"datePublished\":\"2021-08-27T08:25:39+00:00\",\"dateModified\":\"2023-04-03T20:31:24+00:00\",\"description\":\"%\",\"breadcrumb\":{\"@id\":\"https:\/\/www.praktickylekarcernosice.cz\/index.php\/ordinacni-hodiny\/#breadcrumb\"},\"inLanguage\":\"cs\",\"potentialAction\":[{\"@type\":\"ReadAction\",\"target\":[\"https:\/\/www.praktickylekarcernosice.cz\/index.php\/ordinacni-hodiny\/\"]}]},{\"@type\":\"BreadcrumbList\",\"@id\":\"https:\/\/www.praktickylekarcernosice.cz\/index.php\/ordinacni-hodiny\/#breadcrumb\",\"itemListElement\":[{\"@type\":\"ListItem\",\"position\":1,\"name\":\"Home\",\"item\":\"https:\/\/www.praktickylekarcernosice.cz\/\"},{\"@type\":\"ListItem\",\"position\":2,\"name\":\"Ordina\\u010dn\\u00ed Hodiny\"}]}]}<\/script>\n<!-- \/ Yoast SEO Premium plugin. -->","_links":{"self":[{"href":"https:\/\/www.praktickylekarcernosice.cz\/index.php\/wp-json\/wp\/v2\/pages\/10","targetHints":{"allow":["GET"]}}],"collection":[{"href":"https:\/\/www.praktickylekarcernosice.cz\/index.php\/wp-json\/wp\/v2\/pages"}],"about":[{"href":"https:\/\/www.praktickylekarcernosice.cz\/index.php\/wp-json\/wp\/v2\/types\/page"}],"author":[{"embeddable":true,"href":"https:\/\/www.praktickylekarcernosice.cz\/index.php\/wp-json\/wp\/v2\/users\/1"}],"replies":[{"embeddable":true,"href":"https:\/\/www.praktickylekarcernosice.cz\/index.php\/wp-json\/wp\/v2\/comments?post=10"}],"version-history":[{"count":31,"href":"https:\/\/www.praktickylekarcernosice.cz\/index.php\/wp-json\/wp\/v2\/pages\/10\/revisions"}],"predecessor-version":[{"id":179,"href":"https:\/\/www.praktickylekarcernosice.cz\/index.php\/wp-json\/wp\/v2\/pages\/10\/revisions\/179"}],"wp:attachment":[{"href":"https:\/\/www.praktickylekarcernosice.cz\/index.php\/wp-json\/wp\/v2\/media?parent=10"}],"curies":[{"name":"wp","href":"https:\/\/api.w.org\/{rel}","templated":true}]}}